{"id":546,"date":"2024-09-25T18:03:40","date_gmt":"2024-09-25T18:03:40","guid":{"rendered":"https:\/\/saren.pethemes.com\/furniture\/?page_id=546"},"modified":"2025-01-13T18:31:50","modified_gmt":"2025-01-13T17:31:50","slug":"shipping","status":"publish","type":"page","link":"https:\/\/josef-wochner.com\/en\/shipping\/","title":{"rendered":"Shipping"},"content":{"rendered":"<div data-elementor-type=\"wp-page\" data-elementor-id=\"546\" class=\"elementor elementor-546\" data-elementor-post-type=\"page\">\n\t\t\t\t<div class=\"elementor-element elementor-element-64e1bbf e-con-full e-flex convert--none scrubbed__false pinned__false wd--always--show container--pointer--events--auto layout--default bg--none no e-con e-parent\" data-id=\"64e1bbf\" data-element_type=\"container\">\n\t\t<div class=\"elementor-element elementor-element-de9a785 e-con-full e-flex convert--none scrubbed__false pinned__false wd--always--show container--pointer--events--auto layout--default bg--none no e-con e-child\" data-id=\"de9a785\" data-element_type=\"container\">\n\t\t<div class=\"elementor-element elementor-element-9ebc84e e-con-full e-flex convert--none scrubbed__false pinned__false wd--always--show container--pointer--events--auto layout--default bg--none no e-con e-child\" data-id=\"9ebc84e\" data-element_type=\"container\">\n\t\t\t\t<div class=\"elementor-element elementor-element-5e3a30d text-stroke-no wd--always--show elementor-widget elementor-widget-petextwrapper\" data-id=\"5e3a30d\" data-element_type=\"widget\" data-widget_type=\"petextwrapper.default\">\n\t\t\t\t<div class=\"elementor-widget-container\">\n\t\t\t\t\t\n        \n        <div class=\"text-wrapper\">\n\n            <p                class=\"text-h2   no-margin\"         data-animate=\"true\" data-animation=\"wordsUp\" data-settings=\"{duration=1.5;delay=0.4;stagger=0.1;pin=false;pinTarget=;scrub=false;item_ref_start=top;window_ref_start=bottom;item_ref_end=bottom;window_ref_end=top;out=false;inserted=false}\">\n                VERSANDBEDINGUNGEN<\/p>\n\n        <\/div>\n\n        \t\t\t\t<\/div>\n\t\t\t\t<\/div>\n\t\t\t\t<div class=\"elementor-element elementor-element-7a644af text-stroke-no wd--always--show elementor-widget elementor-widget-petextwrapper\" data-id=\"7a644af\" data-element_type=\"widget\" data-widget_type=\"petextwrapper.default\">\n\t\t\t\t<div class=\"elementor-widget-container\">\n\t\t\t\t\t\n        \n        <div class=\"text-wrapper\">\n\n            <p                class=\"text-p   no-margin\"         data-animate=\"true\" data-animation=\"linesUp\" data-settings=\"{duration=1.5;delay=0.4;stagger=0.1;pin=false;pinTarget=;scrub=false;item_ref_start=top;window_ref_start=bottom;item_ref_end=bottom;window_ref_end=top;out=false;inserted=false}\">\n                F\u00fcr weitere Fragen oder eine pers\u00f6nliche Beratung stehen wir Ihnen gerne zur Verf\u00fcgung. Kontaktieren Sie uns und lassen Sie uns gemeinsam Ihr individuelles Luxusm\u00f6belst\u00fcck verwirklichen!<\/p>\n\n        <\/div>\n\n        \t\t\t\t<\/div>\n\t\t\t\t<\/div>\n\t\t\t\t<\/div>\n\t\t<div class=\"elementor-element elementor-element-6bebda9 e-con-full e-flex convert--none scrubbed__false pinned__false wd--always--show container--pointer--events--auto layout--default bg--none no e-con e-child\" data-id=\"6bebda9\" data-element_type=\"container\">\n\t\t\t\t<div class=\"elementor-element elementor-element-8c55dd4 wd--always--show elementor-widget elementor-widget-pesingleimage\" data-id=\"8c55dd4\" data-element_type=\"widget\" data-widget_type=\"pesingleimage.default\">\n\t\t\t\t<div class=\"elementor-widget-container\">\n\t\t\t\t\t\n        <div class=\"single-image single--image false\" data-anim-image=\"true\" data-animation=\"mask\" data-animation-direction=\"\" data-settings=\"{duration=1.5;delay=0.4;stagger=0.1;pin=false;pinTarget=;scrub=false;item_ref_start=top;window_ref_start=bottom;item_ref_end=bottom;window_ref_end=top;out=false;start_scale=;end_scale=;inner_scale=true;block_direction=;mask_start=square;square_start=inset(100% 0% 0% 0% round 10px);square_end=inset(0% 0% 0% 0% round 10px)}\">\n\n                            <img fetchpriority=\"high\" decoding=\"async\" width=\"500\" height=\"411\" src=\"https:\/\/josef-wochner.com\/wp-content\/uploads\/2024\/09\/shipping_image.webp\" class=\"attachment-full size-full wp-image-573\" alt=\"\" srcset=\"https:\/\/josef-wochner.com\/wp-content\/uploads\/2024\/09\/shipping_image.webp 500w, https:\/\/josef-wochner.com\/wp-content\/uploads\/2024\/09\/shipping_image-400x329.webp 400w, https:\/\/josef-wochner.com\/wp-content\/uploads\/2024\/09\/shipping_image-300x247.webp 300w\" sizes=\"(max-width: 500px) 100vw, 500px\" \/>\n\n                        <\/div>\n\n\n        \t\t\t\t<\/div>\n\t\t\t\t<\/div>\n\t\t\t\t<\/div>\n\t\t\t\t<\/div>\n\t\t<div class=\"cr--drag carousel_id_shippingCarousel elementor-element elementor-element-ae41914 e-con-full convert--carousel shippingCarousel e-flex cr--drag scrubbed__false pinned__false wd--always--show container--pointer--events--auto layout--default bg--none no e-con e-child\" data-carousel-id=\"shippingCarousel\" data-trigger=\"\" data-id=\"ae41914\" data-element_type=\"container\">\n\t\t<div class=\"elementor-element elementor-element-20245e6 e-con-full e-flex convert--none scrubbed__false pinned__false wd--always--show container--pointer--events--auto layout--default bg--none no e-con e-child\" data-id=\"20245e6\" data-element_type=\"container\">\n\t\t\t\t<div class=\"elementor-element elementor-element-f74f304 texts--columnas has--bg bg_backdrop_false wd--always--show elementor-widget elementor-widget-peinfobox\" data-id=\"f74f304\" data-element_type=\"widget\" data-widget_type=\"peinfobox.default\">\n\t\t\t\t<div class=\"elementor-widget-container\">\n\t\t\t\t\t\n        <div class=\"pe--info--box\">\n\n            <div class=\"pe--info--box--wrapper\">\n\n                                    <div class=\"pe--infobox--interest interest--icon\">\n                        <i aria-hidden=\"true\" class=\"material-icons-outlined md-my_location\"><\/i>                    <\/div>\n                \n\n                <div class=\"pe--infobox--wrap\">\n\n\n                                            <div class=\"pe--infobox--title\">\n                            <p>1. Wie lange dauert die Fertigung?<\/p>\n                        <\/div>\n                    \n                                            <div class=\"pe--infobox--content\">\n                            <p>Die Fertigungszeit f\u00fcr unsere Produkte betr\u00e4gt in der Regel ca. 2 Monate, abh\u00e4ngig von der Komplexit\u00e4t und den spezifischen Anforderungen:\n<br>\n<br>\nIndividuelle M\u00f6belst\u00fccke: Ma\u00dfanfertigungen ben\u00f6tigen mehr Zeit, da jedes Detail sorgf\u00e4ltig geplant und umgesetzt wird.\n<br>\n<br>\nSerienprodukte: Auch bei Serienprodukten legen wir Wert auf Pr\u00e4zision und Qualit\u00e4t, weshalb der Zeitrahmen eingehalten wird.\n\n\nWir informieren Sie regelm\u00e4\u00dfig \u00fcber den Fortschritt Ihrer Bestellung und den geplanten Liefertermin.<\/p>\n                        <\/div>\n                    \n\n                <\/div>\n\n\n            <\/div>\n\n\n\n        <\/div>\n\n        \t\t\t\t<\/div>\n\t\t\t\t<\/div>\n\t\t\t\t<\/div>\n\t\t<div class=\"elementor-element elementor-element-89ecd30 e-con-full e-flex convert--none scrubbed__false pinned__false wd--always--show container--pointer--events--auto layout--default bg--none no e-con e-child\" data-id=\"89ecd30\" data-element_type=\"container\">\n\t\t\t\t<div class=\"elementor-element elementor-element-007b7fb texts--columnas has--bg bg_backdrop_false wd--always--show elementor-widget elementor-widget-peinfobox\" data-id=\"007b7fb\" data-element_type=\"widget\" data-widget_type=\"peinfobox.default\">\n\t\t\t\t<div class=\"elementor-widget-container\">\n\t\t\t\t\t\n        <div class=\"pe--info--box\">\n\n            <div class=\"pe--info--box--wrapper\">\n\n                                    <div class=\"pe--infobox--interest interest--icon\">\n                        <i aria-hidden=\"true\" class=\"material-icons-outlined md-local_shipping\"><\/i>                    <\/div>\n                \n\n                <div class=\"pe--infobox--wrap\">\n\n\n                                            <div class=\"pe--infobox--title\">\n                            <p>2. Wie l\u00e4uft die Zahlungsabwicklung ab?<\/p>\n                        <\/div>\n                    \n                                            <div class=\"pe--infobox--content\">\n                            <p>Rechnung: Nach Best\u00e4tigung Ihrer Bestellung erhalten Sie eine detaillierte Rechnung mit allen Zahlungsdetails.\n<br>\n<br>\nZahlungsfrist: Der Rechnungsbetrag ist innerhalb von 7 Tagen nach Rechnungsstellung vollst\u00e4ndig zu begleichen.\n<br>\n<br>\nZahlungseingang: Nach Eingang Ihrer Zahlung starten wir mit der Planung und Fertigung Ihrer Bestellung.<\/p>\n                        <\/div>\n                    \n\n                <\/div>\n\n\n            <\/div>\n\n\n\n        <\/div>\n\n        \t\t\t\t<\/div>\n\t\t\t\t<\/div>\n\t\t\t\t<\/div>\n\t\t<div class=\"elementor-element elementor-element-bf062a9 e-con-full e-flex convert--none scrubbed__false pinned__false wd--always--show container--pointer--events--auto layout--default bg--none no e-con e-child\" data-id=\"bf062a9\" data-element_type=\"container\">\n\t\t\t\t<div class=\"elementor-element elementor-element-f6078d7 texts--columnas has--bg bg_backdrop_false wd--always--show elementor-widget elementor-widget-peinfobox\" data-id=\"f6078d7\" data-element_type=\"widget\" data-widget_type=\"peinfobox.default\">\n\t\t\t\t<div class=\"elementor-widget-container\">\n\t\t\t\t\t\n        <div class=\"pe--info--box\">\n\n            <div class=\"pe--info--box--wrapper\">\n\n                                    <div class=\"pe--infobox--interest interest--icon\">\n                        <i aria-hidden=\"true\" class=\"material-icons-outlined md-access_time\"><\/i>                    <\/div>\n                \n\n                <div class=\"pe--infobox--wrap\">\n\n\n                                            <div class=\"pe--infobox--title\">\n                            <p>3. Wie werde ich \u00fcber den Status meiner Bestellung informiert?<\/p>\n                        <\/div>\n                    \n                                            <div class=\"pe--infobox--content\">\n                            <p>Wir halten Sie w\u00e4hrend des gesamten Prozesses auf dem Laufenden:\n<br>\n<br>\nAuftragsbest\u00e4tigung: Sie erhalten alle Details zur Bestellung und den voraussichtlichen Fertigungszeitrahmen.\n<br>\n<br>\nZwischenberichte: W\u00e4hrend der Fertigung informieren wir Sie \u00fcber wichtige Meilensteine.\n<br>\n<br>\nLieferank\u00fcndigung: Sobald Ihr Produkt versandbereit ist, erhalten Sie eine Benachrichtigung mit Informationen zur Lieferung.<\/p>\n                        <\/div>\n                    \n\n                <\/div>\n\n\n            <\/div>\n\n\n\n        <\/div>\n\n        \t\t\t\t<\/div>\n\t\t\t\t<\/div>\n\t\t\t\t<\/div>\n\t\t<div class=\"elementor-element elementor-element-f67a09e e-con-full e-flex convert--none scrubbed__false pinned__false wd--always--show container--pointer--events--auto layout--default bg--none no e-con e-child\" data-id=\"f67a09e\" data-element_type=\"container\">\n\t\t\t\t<div class=\"elementor-element elementor-element-da09034 texts--columnas has--bg bg_backdrop_false wd--always--show elementor-widget elementor-widget-peinfobox\" data-id=\"da09034\" data-element_type=\"widget\" data-widget_type=\"peinfobox.default\">\n\t\t\t\t<div class=\"elementor-widget-container\">\n\t\t\t\t\t\n        <div class=\"pe--info--box\">\n\n            <div class=\"pe--info--box--wrapper\">\n\n                                    <div class=\"pe--infobox--interest interest--icon\">\n                        <i aria-hidden=\"true\" class=\"material-icons-outlined md-delivery_dining\"><\/i>                    <\/div>\n                \n\n                <div class=\"pe--infobox--wrap\">\n\n\n                                            <div class=\"pe--infobox--title\">\n                            <p>4. Welche L\u00e4nder beliefern Sie?<\/p>\n                        <\/div>\n                    \n                                            <div class=\"pe--infobox--content\">\n                            <p>Wir liefern weltweit, einschlie\u00dflich der EU, USA, Afrika und arabischsprachiger L\u00e4nder. Unser Versandservice ist darauf spezialisiert, auch sperrige und empfindliche Luxusprodukte sicher und effizient zu transportieren.<\/p>\n                        <\/div>\n                    \n\n                <\/div>\n\n\n            <\/div>\n\n\n\n        <\/div>\n\n        \t\t\t\t<\/div>\n\t\t\t\t<\/div>\n\t\t\t\t<\/div>\n\t\t<div class=\"elementor-element elementor-element-840b800 e-con-full e-flex convert--none scrubbed__false pinned__false wd--always--show container--pointer--events--auto layout--default bg--none no e-con e-child\" data-id=\"840b800\" data-element_type=\"container\">\n\t\t\t\t<div class=\"elementor-element elementor-element-fab7eff texts--columnas has--bg bg_backdrop_false wd--always--show elementor-widget elementor-widget-peinfobox\" data-id=\"fab7eff\" data-element_type=\"widget\" data-widget_type=\"peinfobox.default\">\n\t\t\t\t<div class=\"elementor-widget-container\">\n\t\t\t\t\t\n        <div class=\"pe--info--box\">\n\n            <div class=\"pe--info--box--wrapper\">\n\n                                    <div class=\"pe--infobox--interest interest--icon\">\n                        <i aria-hidden=\"true\" class=\"material-icons-outlined md-wallet_membership\"><\/i>                    <\/div>\n                \n\n                <div class=\"pe--infobox--wrap\">\n\n\n                                            <div class=\"pe--infobox--title\">\n                            <p>5. Wie verhalten sich die Bedingungen bei individuell gefertigten Produkten?<\/p>\n                        <\/div>\n                    \n                                            <div class=\"pe--infobox--content\">\n                            <p>F\u00fcr ma\u00dfgefertigte Produkte gelten besondere Bedingungen:\n<br>\n<br>\nIndividualisierung: Jedes Produkt wird nach Ihren spezifischen Vorgaben gefertigt. Nach Produktionsstart sind \u00c4nderungen oder Stornierungen nicht mehr m\u00f6glich.\nR\u00fcckgabe: Da es sich um individuell angefertigte Produkte handelt, ist eine R\u00fcckgabe oder ein Umtausch ausgeschlossen, es sei denn, das Produkt weist M\u00e4ngel auf.\n<br>\n<br>\nVerantwortung: Wir stehen f\u00fcr die Qualit\u00e4t unserer Produkte ein und gew\u00e4hrleisten, dass sie den vereinbarten Spezifikationen entsprechen.<\/p>\n                        <\/div>\n                    \n\n                <\/div>\n\n\n            <\/div>\n\n\n\n        <\/div>\n\n        \t\t\t\t<\/div>\n\t\t\t\t<\/div>\n\t\t\t\t<\/div>\n\t\t<div class=\"elementor-element elementor-element-bb7d523 e-con-full e-flex convert--none scrubbed__false pinned__false wd--always--show container--pointer--events--auto layout--default bg--none no e-con e-child\" data-id=\"bb7d523\" data-element_type=\"container\">\n\t\t\t\t<div class=\"elementor-element elementor-element-562b61d texts--columnas has--bg bg_backdrop_false wd--always--show elementor-widget elementor-widget-peinfobox\" data-id=\"562b61d\" data-element_type=\"widget\" data-widget_type=\"peinfobox.default\">\n\t\t\t\t<div class=\"elementor-widget-container\">\n\t\t\t\t\t\n        <div class=\"pe--info--box\">\n\n            <div class=\"pe--info--box--wrapper\">\n\n                                    <div class=\"pe--infobox--interest interest--icon\">\n                        <i aria-hidden=\"true\" class=\"material-icons-outlined md-assignment_return\"><\/i>                    <\/div>\n                \n\n                <div class=\"pe--infobox--wrap\">\n\n\n                                            <div class=\"pe--infobox--title\">\n                            <p>6. Wie garantieren Sie die Sicherheit w\u00e4hrend des Transports?<\/p>\n                        <\/div>\n                    \n                                            <div class=\"pe--infobox--content\">\n                            <p>Sicherheit hat f\u00fcr uns oberste Priorit\u00e4t, besonders bei der Lieferung von Luxusprodukten.\n<br>\n<br>\nSpezialverpackungen: Unsere Produkte werden in stabilen, gepolsterten Holzkisten oder Spezialverpackungen versandt.\n<br>\n<br>\nVersicherung: Jedes M\u00f6belst\u00fcck ist w\u00e4hrend des Transports vollumf\u00e4nglich versichert.\nQualit\u00e4tspr\u00fcfung: Vor dem Versand wird jedes Produkt einer gr\u00fcndlichen Qualit\u00e4tskontrolle unterzogen.<\/p>\n                        <\/div>\n                    \n\n                <\/div>\n\n\n            <\/div>\n\n\n\n        <\/div>\n\n        \t\t\t\t<\/div>\n\t\t\t\t<\/div>\n\t\t\t\t<\/div>\n\t\t\t\t<\/div>\n\t\t\t\t<\/div>\n\t\t\t\t<\/div>","protected":false},"excerpt":{"rendered":"<p>VERSANDBEDINGUNGEN F\u00fcr weitere Fragen oder eine pers\u00f6nliche Beratung stehen wir Ihnen gerne zur Verf\u00fcgung. Kontaktieren Sie uns und lassen Sie&#8230;<\/p>","protected":false},"author":1,"featured_media":0,"parent":0,"menu_order":0,"comment_status":"closed","ping_status":"closed","template":"","meta":{"_acf_changed":false,"footnotes":""},"class_list":["post-546","page","type-page","status-publish","hentry"],"acf":[],"_links":{"self":[{"href":"https:\/\/josef-wochner.com\/en\/wp-json\/wp\/v2\/pages\/546","targetHints":{"allow":["GET"]}}],"collection":[{"href":"https:\/\/josef-wochner.com\/en\/wp-json\/wp\/v2\/pages"}],"about":[{"href":"https:\/\/josef-wochner.com\/en\/wp-json\/wp\/v2\/types\/page"}],"author":[{"embeddable":true,"href":"https:\/\/josef-wochner.com\/en\/wp-json\/wp\/v2\/users\/1"}],"replies":[{"embeddable":true,"href":"https:\/\/josef-wochner.com\/en\/wp-json\/wp\/v2\/comments?post=546"}],"version-history":[{"count":4,"href":"https:\/\/josef-wochner.com\/en\/wp-json\/wp\/v2\/pages\/546\/revisions"}],"predecessor-version":[{"id":54805,"href":"https:\/\/josef-wochner.com\/en\/wp-json\/wp\/v2\/pages\/546\/revisions\/54805"}],"wp:attachment":[{"href":"https:\/\/josef-wochner.com\/en\/wp-json\/wp\/v2\/media?parent=546"}],"curies":[{"name":"wp","href":"https:\/\/api.w.org\/{rel}","templated":true}]}}