{"id":506,"date":"2024-09-25T16:48:16","date_gmt":"2024-09-25T16:48:16","guid":{"rendered":"https:\/\/saren.pethemes.com\/furniture\/?page_id=506"},"modified":"2025-01-13T18:35:47","modified_gmt":"2025-01-13T17:35:47","slug":"privacy-policy","status":"publish","type":"page","link":"https:\/\/josef-wochner.com\/en\/privacy-policy\/","title":{"rendered":"imprint"},"content":{"rendered":"<div data-elementor-type=\"wp-page\" data-elementor-id=\"506\" class=\"elementor elementor-506\" data-elementor-post-type=\"page\">\n\t\t\t\t<div class=\"elementor-element elementor-element-d144add e-con-full e-flex convert--none scrubbed__false pinned__false wd--always--show container--pointer--events--auto layout--default bg--none no e-con e-parent\" data-id=\"d144add\" data-element_type=\"container\" id=\"privacyPolicy\">\n\t\t<div data-pin-start=\"center center+=0\" data-pin-end=\"bottom top\" data-pin-mobile=\"\" class=\"elementor-element elementor-element-579485f e-con-full pinned_true pin_container_#privacyPolicy e-flex convert--none scrubbed__false pinned__false wd--always--show container--pointer--events--auto layout--default bg--none no e-con e-child\" data-id=\"579485f\" data-element_type=\"container\">\n\t\t<div class=\"elementor-element elementor-element-b30db4b e-con-full e-flex convert--none scrubbed__false pinned__false wd--always--show container--pointer--events--auto layout--default bg--none no e-con e-child\" data-id=\"b30db4b\" data-element_type=\"container\">\n\t\t\t\t<div class=\"elementor-element elementor-element-2f532f7 text-stroke-no wd--always--show elementor-widget elementor-widget-petextwrapper\" data-id=\"2f532f7\" data-element_type=\"widget\" data-widget_type=\"petextwrapper.default\">\n\t\t\t\t<div class=\"elementor-widget-container\">\n\t\t\t\t\t\n        \n        <div class=\"text-wrapper\">\n\n            <p                class=\"text-h1   no-margin hide-br-mobile\"         data-animate=\"true\" data-animation=\"wordsUp\" data-settings=\"{duration=1.5;delay=0.4;stagger=0.1;pin=false;pinTarget=;scrub=false;item_ref_start=top;window_ref_start=bottom;item_ref_end=bottom;window_ref_end=top;out=false;inserted=false}\">\n                imprint<\/p>\n\n        <\/div>\n\n        \t\t\t\t<\/div>\n\t\t\t\t<\/div>\n\t\t\t\t<div class=\"elementor-element elementor-element-3cf027b text-stroke-no wd--always--show elementor-widget elementor-widget-petextwrapper\" data-id=\"3cf027b\" data-element_type=\"widget\" data-widget_type=\"petextwrapper.default\">\n\t\t\t\t<div class=\"elementor-widget-container\">\n\t\t\t\t\t\n        \n        <div class=\"text-wrapper\">\n\n            <p                class=\"text-p\"         data-animate=\"true\" data-animation=\"linesUp\" data-settings=\"{duration=1.5;delay=0.4;stagger=0.1;pin=false;pinTarget=;scrub=false;item_ref_start=top;window_ref_start=bottom;item_ref_end=bottom;window_ref_end=top;out=false;inserted=false}\">\n                Verantwortlich f\u00fcr den Inhalt: Josef Wochner GmbH & Co. KG. Alle Rechte vorbehalten.<\/p>\n\n        <\/div>\n\n        \t\t\t\t<\/div>\n\t\t\t\t<\/div>\n\t\t\t\t<\/div>\n\t\t<div class=\"elementor-element elementor-element-18f9f3a e-con-full e-flex convert--none scrubbed__false pinned__false wd--always--show container--pointer--events--auto layout--default bg--none no e-con e-child\" data-id=\"18f9f3a\" data-element_type=\"container\">\n\t\t\t\t<div class=\"elementor-element elementor-element-eea737b wd--always--show elementor-widget elementor-widget-pesingleimage\" data-id=\"eea737b\" data-element_type=\"widget\" data-widget_type=\"pesingleimage.default\">\n\t\t\t\t<div class=\"elementor-widget-container\">\n\t\t\t\t\t\n        <div class=\"single-image single--image false\" data-anim-image=\"true\" data-animation=\"mask\" data-animation-direction=\"\" data-settings=\"{duration=1.5;delay=0.2;stagger=0.1;pin=false;pinTarget=;scrub=false;item_ref_start=top;window_ref_start=bottom;item_ref_end=bottom;window_ref_end=top;out=false;start_scale=;end_scale=;inner_scale=true;block_direction=;mask_start=square;square_start=inset(100% 0% 0% 0% round 10px);square_end=inset(0% 0% 0% 0% round 10px)}\">\n\n                            <img fetchpriority=\"high\" decoding=\"async\" width=\"500\" height=\"608\" src=\"https:\/\/josef-wochner.com\/wp-content\/uploads\/2024\/09\/privacy_image.webp\" class=\"attachment-full size-full wp-image-515\" alt=\"\" srcset=\"https:\/\/josef-wochner.com\/wp-content\/uploads\/2024\/09\/privacy_image.webp 500w, https:\/\/josef-wochner.com\/wp-content\/uploads\/2024\/09\/privacy_image-400x486.webp 400w, https:\/\/josef-wochner.com\/wp-content\/uploads\/2024\/09\/privacy_image-247x300.webp 247w\" sizes=\"(max-width: 500px) 100vw, 500px\" \/>\n\n                        <\/div>\n\n\n        \t\t\t\t<\/div>\n\t\t\t\t<\/div>\n\t\t\t\t<\/div>\n\t\t\t\t<\/div>\n\t\t<div class=\"elementor-element elementor-element-2b5f4f1 e-con-full e-flex convert--none scrubbed__false pinned__false wd--always--show container--pointer--events--auto layout--default bg--none no e-con e-child\" data-id=\"2b5f4f1\" data-element_type=\"container\">\n\t\t\t\t<div class=\"elementor-element elementor-element-62269c7 text-stroke-no wd--always--show elementor-widget elementor-widget-petextwrapper\" data-id=\"62269c7\" data-element_type=\"widget\" data-widget_type=\"petextwrapper.default\">\n\t\t\t\t<div class=\"elementor-widget-container\">\n\t\t\t\t\t\n        \n        <div class=\"text-wrapper\">\n\n            <p                class=\"text-p\"         >\n                <div class=\"impressum\">\n<br>\n    <p>\n        <strong>JOSEF WOCHNER GMBH & CO. KG<\/strong><br>\n        Seewiesen 16<br>\n        72348 Rosenfeld-Heiligenzimmern<br>\n        Telefon: +49 7428 9403-0<br>\n        Telefax: +49 7428 9403-22<br>\n        E-Mail: <a href=\"mailto:info@josef-wochner.de\">info@josef-wochner.de<\/a><br>\n        USt-ID: DE 144836100\n    <\/p>\n\n    <h2>Quellenangaben f\u00fcr die verwendeten Bilder und Grafiken<\/h2>\n    <p><a href=\"http:\/\/www.josef-wochner.de\" target=\"_blank\" rel=\"noopener\">www.josef-wochner.de<\/a><\/p>\n\n    <h2>Haftungsausschluss<\/h2>\n    <p>Der Autor \u00fcbernimmt keinerlei Gew\u00e4hr hinsichtlich der inhaltlichen Richtigkeit, Genauigkeit, Aktualit\u00e4t, Zuverl\u00e4ssigkeit und Vollst\u00e4ndigkeit der Informationen.<\/p>\n    <p>Wir sind als Diensteanbieter nicht verpflichtet, \u00fcbermittelte oder gespeicherte fremde Informationen zu \u00fcberwachen oder nach Umst\u00e4nden zu forschen, die auf eine rechtswidrige T\u00e4tigkeit hinweisen. Verpflichtungen zur Entfernung oder Sperrung der Nutzung von Informationen nach den allgemeinen Gesetzen bleiben hiervon unber\u00fchrt. Eine diesbez\u00fcgliche Haftung ist jedoch erst ab dem Zeitpunkt der Kenntnis einer konkreten Rechtsverletzung m\u00f6glich. Bei Bekanntwerden von entsprechenden Rechtsverletzungen werden wir diese Inhalte umgehend entfernen.<\/p>\n    <p>Haftungsanspr\u00fcche gegen den Autor wegen Sch\u00e4den materieller oder immaterieller Art, welche aus dem Zugriff oder der Nutzung bzw. Nichtnutzung der ver\u00f6ffentlichten Informationen, durch Missbrauch der Verbindung oder durch technische St\u00f6rungen entstanden sind, werden ausgeschlossen.<\/p>\n    <p>Alle Angebote sind unverbindlich. Der Autor beh\u00e4lt es sich ausdr\u00fccklich vor, Teile der Seiten oder das gesamte Angebot ohne gesonderte Ank\u00fcndigung zu ver\u00e4ndern, zu erg\u00e4nzen, zu l\u00f6schen oder die Ver\u00f6ffentlichung zeitweise oder endg\u00fcltig einzustellen.<\/p>\n\n    <h2>Haftung f\u00fcr Links<\/h2>\n    <p>Unser Angebot enth\u00e4lt Verweise und Links zu externen Webseiten Dritter, auf deren Inhalte wir keinen Einfluss haben und au\u00dferhalb unseres Verantwortungsbereichs liegen. Deshalb k\u00f6nnen wir f\u00fcr diese fremden Inhalte auch keine Gew\u00e4hr \u00fcbernehmen und lehnen jegliche Verantwortung f\u00fcr solche Webseiten ab. Der Zugriff und die Nutzung solcher Webseiten erfolgen auf eigene Gefahr des Nutzers oder der Nutzerin. F\u00fcr die Inhalte der verlinkten Seiten ist stets der jeweilige Anbieter oder Betreiber der Seiten verantwortlich. Die verlinkten Seiten wurden zum Zeitpunkt der Verlinkung auf m\u00f6gliche Rechtsverst\u00f6\u00dfe \u00fcberpr\u00fcft. Rechtswidrige Inhalte waren zum Zeitpunkt der Verlinkung nicht erkennbar. Eine permanente inhaltliche Kontrolle der verlinkten Seiten ist jedoch ohne konkrete Anhaltspunkte einer Rechtsverletzung nicht zumutbar. Bei Bekanntwerden von Rechtsverletzungen werden wir derartige Links umgehend entfernen.<\/p>\n\n    <h2>Urheberrechte<\/h2>\n    <p>Die Urheber- und alle anderen Rechte an Inhalten, Bildern, Fotos oder anderen Dateien auf der Website geh\u00f6ren ausschlie\u00dflich der JOSEF WOCHNER GMBH & CO. KG oder den speziell genannten Rechtsinhabern. Die Vervielf\u00e4ltigung, Bearbeitung, Verbreitung und jede Art der Verwertung au\u00dferhalb der Grenzen des Urheberrechtes bed\u00fcrfen der schriftlichen Zustimmung des jeweiligen Autors bzw. Erstellers.<\/p>\n    <p>Downloads und Kopien dieser Seite sind nur f\u00fcr den privaten, nicht kommerziellen Gebrauch gestattet. Soweit die Inhalte auf dieser Seite nicht vom Betreiber erstellt wurden, werden die Urheberrechte Dritter beachtet. Insbesondere werden Inhalte Dritter als solche gekennzeichnet. Sollten Sie trotzdem auf eine Urheberrechtsverletzung aufmerksam werden, bitten wir um einen entsprechenden Hinweis. Bei Bekanntwerden von Rechtsverletzungen werden wir derartige Inhalte umgehend entfernen.<\/p>\n<\/div><\/p>\n\n        <\/div>\n\n        \t\t\t\t<\/div>\n\t\t\t\t<\/div>\n\t\t\t\t<\/div>\n\t\t\t\t<\/div>\n\t\t\t\t<\/div>","protected":false},"excerpt":{"rendered":"<p>Impressum Verantwortlich f\u00fcr den Inhalt: Josef Wochner GmbH &#038; Co. KG. Alle Rechte vorbehalten. JOSEF WOCHNER GMBH &#038; CO. KG&#8230;<\/p>","protected":false},"author":1,"featured_media":0,"parent":0,"menu_order":0,"comment_status":"closed","ping_status":"closed","template":"","meta":{"_acf_changed":false,"footnotes":""},"class_list":["post-506","page","type-page","status-publish","hentry"],"acf":[],"_links":{"self":[{"href":"https:\/\/josef-wochner.com\/en\/wp-json\/wp\/v2\/pages\/506","targetHints":{"allow":["GET"]}}],"collection":[{"href":"https:\/\/josef-wochner.com\/en\/wp-json\/wp\/v2\/pages"}],"about":[{"href":"https:\/\/josef-wochner.com\/en\/wp-json\/wp\/v2\/types\/page"}],"author":[{"embeddable":true,"href":"https:\/\/josef-wochner.com\/en\/wp-json\/wp\/v2\/users\/1"}],"replies":[{"embeddable":true,"href":"https:\/\/josef-wochner.com\/en\/wp-json\/wp\/v2\/comments?post=506"}],"version-history":[{"count":7,"href":"https:\/\/josef-wochner.com\/en\/wp-json\/wp\/v2\/pages\/506\/revisions"}],"predecessor-version":[{"id":54811,"href":"https:\/\/josef-wochner.com\/en\/wp-json\/wp\/v2\/pages\/506\/revisions\/54811"}],"wp:attachment":[{"href":"https:\/\/josef-wochner.com\/en\/wp-json\/wp\/v2\/media?parent=506"}],"curies":[{"name":"wp","href":"https:\/\/api.w.org\/{rel}","templated":true}]}}